{"id":1569,"date":"2020-03-03T02:21:01","date_gmt":"2020-03-03T02:21:01","guid":{"rendered":"http:\/\/andy66.fi\/?page_id=1569"},"modified":"2023-01-02T16:54:12","modified_gmt":"2023-01-02T16:54:12","slug":"articlar-old-news","status":"publish","type":"page","link":"https:\/\/andy66.fi\/?page_id=1569","title":{"rendered":"ARTICLAR\/JOURNAL ARTICLE"},"content":{"rendered":"<p><div style=\"width: 640px;\" class=\"wp-video\"><!--[if lt IE 9]><script>document.createElement('video');<\/script><![endif]-->\n<video class=\"wp-video-shortcode\" id=\"video-1569-1\" width=\"640\" height=\"360\" preload=\"metadata\" controls=\"controls\"><source type=\"video\/mp4\" src=\"http:\/\/andy66.fi\/wp-content\/uploads\/2020\/03\/andy-arTICLAR-SMALL.mp4?_=1\" \/><a href=\"http:\/\/andy66.fi\/wp-content\/uploads\/2020\/03\/andy-arTICLAR-SMALL.mp4\">http:\/\/andy66.fi\/wp-content\/uploads\/2020\/03\/andy-arTICLAR-SMALL.mp4<\/a><\/video><\/div><br \/>\n<img decoding=\"async\" loading=\"lazy\" src=\"https:\/\/i1.wp.com\/andy66.fi\/wp-content\/uploads\/2020\/03\/JT_20060705-4.jpg?resize=737%2C1024\" alt=\"\" width=\"737\" height=\"1024\" data-recalc-dims=\"1\" \/><br \/>\n<img decoding=\"async\" loading=\"lazy\" src=\"https:\/\/i0.wp.com\/andy66.fi\/wp-content\/uploads\/2020\/03\/OTA-20140705-291801.jpg?resize=717%2C1024\" alt=\"\" width=\"717\" height=\"1024\" data-recalc-dims=\"1\" \/><br \/>\n<img decoding=\"async\" loading=\"lazy\" src=\"https:\/\/i0.wp.com\/andy66.fi\/wp-content\/uploads\/2020\/03\/OTA-20140424-239067.jpg?resize=717%2C1024\" alt=\"\" width=\"717\" height=\"1024\" data-recalc-dims=\"1\" \/><\/p>\n<p><img decoding=\"async\" loading=\"lazy\" src=\"https:\/\/i1.wp.com\/andy66.fi\/wp-content\/uploads\/2020\/03\/JT_20051210-5.jpg?resize=740%2C1024\" alt=\"\" width=\"740\" height=\"1024\" data-recalc-dims=\"1\" \/><br \/>\n<img decoding=\"async\" loading=\"lazy\" src=\"https:\/\/i1.wp.com\/andy66.fi\/wp-content\/uploads\/2020\/03\/JT_20040303-5.jpg?resize=738%2C1024\" alt=\"\" width=\"738\" height=\"1024\" data-recalc-dims=\"1\" \/><br \/>\n<img decoding=\"async\" loading=\"lazy\" src=\"https:\/\/i1.wp.com\/andy66.fi\/wp-content\/uploads\/2020\/03\/JT_19990818-5.jpg?resize=742%2C1024\" alt=\"\" width=\"742\" height=\"1024\" data-recalc-dims=\"1\" \/><br \/>\n<img decoding=\"async\" loading=\"lazy\" src=\"https:\/\/i0.wp.com\/andy66.fi\/wp-content\/uploads\/2020\/03\/JT_19950922-4.jpg?resize=763%2C1024\" alt=\"\" width=\"763\" height=\"1024\" data-recalc-dims=\"1\" \/><br \/>\n<img decoding=\"async\" loading=\"lazy\" src=\"https:\/\/i0.wp.com\/andy66.fi\/wp-content\/uploads\/2020\/03\/HSS-JT-120525-014.jpg?resize=729%2C1024\" alt=\"\" width=\"729\" height=\"1024\" data-recalc-dims=\"1\" \/><br \/>\n<img decoding=\"async\" loading=\"lazy\" src=\"https:\/\/i0.wp.com\/andy66.fi\/wp-content\/uploads\/2020\/03\/HSS-JT-111204-012.jpg?resize=729%2C1024\" alt=\"\" width=\"729\" height=\"1024\" data-recalc-dims=\"1\" \/><br \/>\n<img decoding=\"async\" loading=\"lazy\" src=\"https:\/\/i1.wp.com\/andy66.fi\/wp-content\/uploads\/2020\/03\/OTT1-20171201-921916.jpg?resize=717%2C1024\" alt=\"\" width=\"717\" height=\"1024\" data-recalc-dims=\"1\" \/><br \/>\n<img decoding=\"async\" loading=\"lazy\" src=\"https:\/\/i1.wp.com\/andy66.fi\/wp-content\/uploads\/2020\/03\/OTA-20181003-1089903.jpg?resize=717%2C1024\" alt=\"\" width=\"717\" height=\"1024\" data-recalc-dims=\"1\" \/><br \/>\n<img decoding=\"async\" loading=\"lazy\" src=\"https:\/\/i1.wp.com\/andy66.fi\/wp-content\/uploads\/2020\/03\/OTA-20181003-1089789.jpg?resize=717%2C1024\" alt=\"\" width=\"717\" height=\"1024\" data-recalc-dims=\"1\" \/><br \/>\n<img decoding=\"async\" loading=\"lazy\" src=\"https:\/\/i2.wp.com\/andy66.fi\/wp-content\/uploads\/2020\/03\/OTA-20160202-585201.jpg?resize=717%2C1024\" alt=\"\" width=\"717\" height=\"1024\" data-recalc-dims=\"1\" \/><br \/>\n<img decoding=\"async\" loading=\"lazy\" src=\"https:\/\/i1.wp.com\/andy66.fi\/wp-content\/uploads\/2020\/03\/OTA-20151002-533801-1.jpg?resize=717%2C1024\" alt=\"\" width=\"717\" height=\"1024\" data-recalc-dims=\"1\" \/><\/p>\n<p><img decoding=\"async\" loading=\"lazy\" src=\"https:\/\/i1.wp.com\/andy66.fi\/wp-content\/uploads\/2020\/03\/20200228_143646.jpg?resize=1170%2C892\" alt=\"\" width=\"1170\" height=\"892\" data-recalc-dims=\"1\" \/><br \/>\n<img decoding=\"async\" loading=\"lazy\" src=\"https:\/\/i1.wp.com\/andy66.fi\/wp-content\/uploads\/2020\/03\/20200228_143929.jpg?resize=764%2C1024\" alt=\"\" width=\"764\" height=\"1024\" data-recalc-dims=\"1\" \/><\/p>\n<p><a role=\"button\" href=\"http:\/\/andy66.fi\/wp-admin\/post.php?post=1569&amp;action=elementor#\" target=\"_blank\" rel=\"noopener noreferrer\"><br \/>\nto the beginning<br \/>\n<\/a><\/p>\n<h2>Lis\u00e4\u00e4 otsikkotekstisi t\u00e4h\u00e4n<\/h2>\n<div class=\"pvc_clear\"><\/div>\n<p id=\"pvc_stats_1569\" class=\"pvc_stats  \" data-element-id=\"1569\" style=\"\"><i class=\"fa fa-bar-chart pvc-stats-icon medium\" aria-hidden=\"true\"><\/i> <img decoding=\"async\" src=\"https:\/\/i0.wp.com\/andy66.fi\/wp-content\/plugins\/page-views-count\/ajax-loader.gif?w=1170&#038;ssl=1\" border=0 data-recalc-dims=\"1\" \/><\/p>\n<div class=\"pvc_clear\"><\/div>\n<div class='epvc-post-count'><span class='epvc-eye'><\/span>  <span class=\"epvc-count\"> 862<\/span><span class='epvc-label'> Views<\/span><\/div>","protected":false},"excerpt":{"rendered":"<p>http:\/\/andy66.fi\/wp-content\/uploads\/2020\/03\/andy-arTICLAR-SMALL.mp4 to the beginning Lis\u00e4\u00e4 otsikkotekstisi t\u00e4h\u00e4n 862 Views<\/p>\n<div class=\"pvc_clear\"><\/div>\n<p id=\"pvc_stats_1569\" class=\"pvc_stats  \" data-element-id=\"1569\" style=\"\"><i class=\"fa fa-bar-chart pvc-stats-icon medium\" aria-hidden=\"true\"><\/i> <img decoding=\"async\" src=\"https:\/\/andy66.fi\/wp-content\/plugins\/page-views-count\/ajax-loader.gif\" border=0 \/><\/p>\n<div class=\"pvc_clear\"><\/div>\n","protected":false},"author":7,"featured_media":1745,"parent":0,"menu_order":0,"comment_status":"open","ping_status":"closed","template":"","meta":{"spay_email":""},"_links":{"self":[{"href":"https:\/\/andy66.fi\/index.php?rest_route=\/wp\/v2\/pages\/1569"}],"collection":[{"href":"https:\/\/andy66.fi\/index.php?rest_route=\/wp\/v2\/pages"}],"about":[{"href":"https:\/\/andy66.fi\/index.php?rest_route=\/wp\/v2\/types\/page"}],"author":[{"embeddable":true,"href":"https:\/\/andy66.fi\/index.php?rest_route=\/wp\/v2\/users\/7"}],"replies":[{"embeddable":true,"href":"https:\/\/andy66.fi\/index.php?rest_route=%2Fwp%2Fv2%2Fcomments&post=1569"}],"version-history":[{"count":36,"href":"https:\/\/andy66.fi\/index.php?rest_route=\/wp\/v2\/pages\/1569\/revisions"}],"predecessor-version":[{"id":2185,"href":"https:\/\/andy66.fi\/index.php?rest_route=\/wp\/v2\/pages\/1569\/revisions\/2185"}],"wp:featuredmedia":[{"embeddable":true,"href":"https:\/\/andy66.fi\/index.php?rest_route=\/wp\/v2\/media\/1745"}],"wp:attachment":[{"href":"https:\/\/andy66.fi\/index.php?rest_route=%2Fwp%2Fv2%2Fmedia&parent=1569"}],"curies":[{"name":"wp","href":"https:\/\/api.w.org\/{rel}","templated":true}]}}