{"id":2012,"date":"2020-03-09T01:07:11","date_gmt":"2020-03-09T01:07:11","guid":{"rendered":"http:\/\/andy66.fi\/?page_id=2012"},"modified":"2023-12-15T05:58:04","modified_gmt":"2023-12-15T05:58:04","slug":"elementor-2012","status":"publish","type":"page","link":"https:\/\/andy66.fi\/?page_id=2012","title":{"rendered":"CV \/ BIO SUOMI \/ RUOTSI"},"content":{"rendered":"<h2>CV\/BIO SUOMI<\/h2>\n<p><span style=\"font-weight: 400;\">CV 29112023<\/span>\u00a0S 1966<\/p>\n<p>+358 46 842 1460<\/p>\n<p>Valitut n\u00e4yttelyt ja tapahtumat<\/p>\n<p>2023<\/p>\n<p>Pohjanmaan taiteilijaseuran kes\u00e4n\u00e4yttely, Tikanojan Taidekoti<\/p>\n<p>17082023 Maalaustapahtuma\/videodokumentaatio\/ty\u00f6 Nykarleby Torg<\/p>\n<p>2022<\/p>\n<p>Pohjanmaan taiteilijaseuran kes\u00e4n\u00e4yttely. Varikko Galleria. \u00d6stermyra, Sein\u00e4joki.<\/p>\n<p>Yksityinen Show. Kauhavan kirjasto. Maalauksia ja videoteoksia.<\/p>\n<p>2021<\/p>\n<p>Pyh\u00e4n Jaakobin p\u00e4iv\u00e4 hein\u00e4kuuta. One Man show &#8221;Market Hall&#8221; Pietarsaaren keskusaukio.<\/p>\n<p>Maalauksia Cafe Caffilassa.<\/p>\n<p>SELECTED PRIVAT SHOWS<\/p>\n<p>Pietarsaaren tupakkamakasiini 1994, 1995, 2006, 2012, 2016, 2018<br \/>\nRavintola, Pub live musiikkipaikka black Sheep Pietarsaari 2017 Happening painting to live music Jaakonpa\u0308ivina\u0308 eli viikolla viimeisimma\u0308t 10 vuotta oma ns koju galleria viikon auki.<br \/>\nPietarsaaren kahvilat vaihtotauluja eli koko ajan teokset kierrossa kahviloissa ja uusia tulee ja mennee.<\/p>\n<p>2005 Pidin myo\u0308s na\u0308yttelyn Helsingissa\u0308 BLUE VELVET vaihtoehtogalleriassa, \u203a<br \/>\nSELECTED COMMON SHOWS<\/p>\n<p>2020 Pohjalaisen taiteilijaliiton kes\u00e4n\u00e4yttely Galleria Varikko Sein\u00e4joki.<\/p>\n<p>Vuodesta 2014 la\u0308htienn JAKARTEN kaikissa na\u0308yttelyissa\u0308 mukana myo\u0308s kolmen kaupungin kiertona\u0308yttelyissa\u0308.<\/p>\n<p>Esitykset\/Actiot:<br \/>\nHumlefestivalen 2016<br \/>\nTomatfestivalen 2017<br \/>\nLisa\u0308ksi pida\u0308n tyo\u0308huoneeni na\u0308yttely\/tutustumistilana auki pyynno\u0308sta\u0308 NONSTOP.<\/p>\n<p>Saadut apurahat; Pietarsaaren kaupunki 2004-20019 Svenska kulturfonden 2011<\/p>\n<p>To\u0308ita\u0308 kokoelmissa: Pietarsaaren kaupunki, Pietarsaaren museo+ lukuisissa yksityityiskokoelmissa<\/p>\n<p>J\u00e4senyydet: Pohjalainen taiteilijaliitto 2020-<\/p>\n<h2>CV\/BIO SVENSKA<\/h2>\n<p>+358 46 842 1460<\/p>\n<blockquote class=\"wp-embedded-content\" data-secret=\"5x8DP61YlP\"><p><a href=\"http:\/\/andy66.fi\/\">ANDY<\/a><\/p><\/blockquote>\n<p><iframe class=\"wp-embedded-content\" sandbox=\"allow-scripts\" security=\"restricted\" style=\"position: absolute; clip: rect(1px, 1px, 1px, 1px);\" title=\"&#8221;ANDY&#8221; &#8212; ANDY\" src=\"http:\/\/andy66.fi\/?embed=true#?secret=jOVv7r8bif#?secret=5x8DP61YlP\" data-secret=\"5x8DP61YlP\" width=\"600\" height=\"338\" frameborder=\"0\" marginwidth=\"0\" marginheight=\"0\" scrolling=\"no\"><\/iframe><\/p>\n<p><span style=\"font-weight: 400;\">CV 29112023<\/span><\/p>\n<p><span style=\"font-weight: 400;\">Andy Sundqvist\u00a0 \u00a0 \u00a0 \u00a0 \u00a0 f 1966<\/span><\/p>\n<p><span style=\"font-weight: 400;\">andy66.fi<\/span><\/p>\n<p><span style=\"font-weight: 400;\">Valda Utst\u00e4llningar och Evenemang<\/span><\/p>\n<p><span style=\"font-weight: 400;\">2023<\/span><\/p>\n<p><span style=\"font-weight: 400;\">\u00d6stererbottniska konstn\u00e4rsf\u00f6rbuns sommarutst\u00e4llning, Tikanojan Taidekoti<\/span><\/p>\n<p><span style=\"font-weight: 400;\">17082023\u00a0 M\u00e5lerihappening\/videodocumentation\/work Nykarleby Torg<\/span><\/p>\n<p><span style=\"font-weight: 400;\">2022<\/span><\/p>\n<p><span style=\"font-weight: 400;\">\u00d6sterbottniska konstn\u00e4rsf\u00f6rbunds sommarutst\u00e4llning. Varikko Gallery. \u00d6stermyra, Sein\u00e4joki.<\/span><\/p>\n<p><span style=\"font-weight: 400;\">Privat Show. Kauhava Bibliotek. M\u00e5lningar och videoarbeten.<\/span><\/p>\n<p><span style=\"font-weight: 400;\">2021<\/span><\/p>\n<p><span style=\"font-weight: 400;\">Jakobsdagar juli. One Man show \u201cMarket hall\u201d Central Torget Jakobstad.<\/span><\/p>\n<p><span style=\"font-weight: 400;\">M\u00e5lningar I Cafe Caffila.<\/span><\/p>\n<p><span style=\"font-weight: 400;\">2020 \u00d6sterbottniska konstn\u00e4rsf\u00f6rbunds sommarutst\u00e4llning. Sein\u00e4joki.<\/span><\/p>\n<p><span style=\"font-weight: 400;\">Jakobstad: Tobak Magasine 1994, 1995, 2006, 2012, 2016, 2018.<\/span><\/p>\n<p><span style=\"font-weight: 400;\">2016 HUMLE FESTIVAL 2017<\/span><\/p>\n<p><span style=\"font-weight: 400;\">Restaurang, blackSheep pub livemusikplats Jakobstad<\/span><\/p>\n<p><span style=\"font-weight: 400;\">ma\u030alning till levande musik.<\/span><\/p>\n<p><span style=\"font-weight: 400;\">2017 TOMATFESTIVALEN NA\u0308RPES. HAPPENING. MA\u030aLANDET TILL LEVANDE MUSIK.<\/span><\/p>\n<p><span style=\"font-weight: 400;\">Under de senaste 10 a\u030aren har sa\u030a kallad stallgalleri o\u0308ppen varje dag efter behov.<\/span><\/p>\n<p><span style=\"font-weight: 400;\">(Atelje utsta\u0308llning)<\/span><\/p>\n<p><span style=\"font-weight: 400;\">Kafe\u0301er i jakobstads cafe \u0301gallerie. Det vill sa\u0308ga arbeten cirkulerar sta\u0308ndigt pa\u030a kafe\u0301er och<\/span><\/p>\n<p><span style=\"font-weight: 400;\">nya kommer och ga\u030ar.<\/span><\/p>\n<p><span style=\"font-weight: 400;\">2005 ho\u0308ll jag ocksa\u030a en utsta\u0308llning i Helsingfors pa\u030a BLUE VELVET Alternative Gallery,<\/span><\/p>\n<p><span style=\"font-weight: 400;\">Sedan 2014 alla JAKARTEN-utsta\u0308llningar inneha\u030aller ocksa\u030a tre stadsturer.<\/span><\/p>\n<p><span style=\"font-weight: 400;\">Dessutom kommer jag att ha\u030alla min arbetsrum\/atelje som ett utsta\u0308llnings \/<\/span><\/p>\n<p><span style=\"font-weight: 400;\">utforskningsutrymme o\u0308ppet pa\u030a bega\u0308ran NONSTOP.<\/span><\/p>\n<p><span style=\"font-weight: 400;\">Mottagna bidrag; Staden Pietarsaari 2004-20019<\/span><\/p>\n<p><span style=\"font-weight: 400;\">Svenska Kulturfonden 2011<\/span><\/p>\n<p><span style=\"font-weight: 400;\">Med i samlingar: Staden Jakobstad, Jakobstads museum + ma\u030anga privata samlingar<\/span><\/p>\n<p><span style=\"font-weight: 400;\">Medlemskap: \u00d6sterbottniska konstn\u00e4rsf\u00f6rbund 2020-<\/span><\/p>\n<p>Tulevat n\u00e4yttelyt:<\/p>\n<p>Tervetuloa osallistumaan n\u00e4yttelyyn Bolognan vanhan kaupungin alueella olevassa ArteBo galleriassa.<\/p>\n<p>Aika on 3 viikkoa hein\u00e4kuussa 2024.<\/p>\n<p>Kommande utst\u00e4llningar:<\/p>\n<p>V\u00e4lkommen att delta i utst\u00e4llningen p\u00e5 ArteBo-galleriet i Bolognas gamla stadsdel. July 2014.<\/p>\n<p>Tietoja galleriasta:<\/p>\n<p>Om galleriet:<\/p>\n<p><span style=\"color: #0563c1;\"><u><a href=\"https:\/\/artebo.it\/\" target=\"_blank\" rel=\"noopener\" data-saferedirecturl=\"https:\/\/www.google.com\/url?q=https:\/\/artebo.it\/&amp;source=gmail&amp;ust=1702701414945000&amp;usg=AOvVaw1BBP2dIPYwzlZeefxReOPw\">https:\/\/artebo.it\/<\/a><\/u><\/span><\/p>\n<p><span style=\"color: #0563c1;\"><u><a href=\"https:\/\/youtube.com\/@artebo?feature=shared\" target=\"_blank\" rel=\"noopener\" data-saferedirecturl=\"https:\/\/www.google.com\/url?q=https:\/\/youtube.com\/@artebo?feature%3Dshared&amp;source=gmail&amp;ust=1702701414945000&amp;usg=AOvVaw10sVdlCrF_o3b3r28EexaI\">https:\/\/youtube.com\/@artebo?<wbr \/>feature=shared<\/a><\/u><\/span><\/p>\n<p><span style=\"color: #0563c1;\"><u><a href=\"https:\/\/www.facebook.com\/artebo\" target=\"_blank\" rel=\"noopener\" data-saferedirecturl=\"https:\/\/www.google.com\/url?q=https:\/\/www.facebook.com\/artebo&amp;source=gmail&amp;ust=1702701414945000&amp;usg=AOvVaw0V4AdN5mLibI_eu7-Vmyyx\">https:\/\/www.facebook.com\/<wbr \/>artebo<\/a><\/u><\/span><\/p>\n<div class=\"pvc_clear\"><\/div>\n<p id=\"pvc_stats_2012\" class=\"pvc_stats  \" data-element-id=\"2012\" style=\"\"><i class=\"fa fa-bar-chart pvc-stats-icon medium\" aria-hidden=\"true\"><\/i> <img decoding=\"async\" src=\"https:\/\/i0.wp.com\/andy66.fi\/wp-content\/plugins\/page-views-count\/ajax-loader.gif?w=1170&#038;ssl=1\" border=0 data-recalc-dims=\"1\" \/><\/p>\n<div class=\"pvc_clear\"><\/div>\n<div class='epvc-post-count'><span class='epvc-eye'><\/span>  <span class=\"epvc-count\"> 843<\/span><span class='epvc-label'> Views<\/span><\/div>","protected":false},"excerpt":{"rendered":"<p>CV\/BIO SUOMI CV 29112023\u00a0S 1966 +358 46 842 1460 Valitut n\u00e4yttelyt ja tapahtumat 2023 Pohjanmaan taiteilijaseuran kes\u00e4n\u00e4yttely, Tikanojan Taidekoti 17082023 Maalaustapahtuma\/videodokumentaatio\/ty\u00f6 Nykarleby Torg 2022 Pohjanmaan taiteilijaseuran kes\u00e4n\u00e4yttely. Varikko Galleria. \u00d6stermyra, Sein\u00e4joki. Yksityinen Show. Kauhavan kirjasto. Maalauksia ja videoteoksia. 2021 Pyh\u00e4n Jaakobin p\u00e4iv\u00e4 hein\u00e4kuuta. One Man show &#8221;Market Hall&#8221; Pietarsaaren keskusaukio. Maalauksia Cafe Caffilassa. SELECTED PRIVAT [&hellip;]<\/p>\n<div class=\"pvc_clear\"><\/div>\n<p id=\"pvc_stats_2012\" class=\"pvc_stats  \" data-element-id=\"2012\" style=\"\"><i class=\"fa fa-bar-chart pvc-stats-icon medium\" aria-hidden=\"true\"><\/i> <img decoding=\"async\" src=\"https:\/\/andy66.fi\/wp-content\/plugins\/page-views-count\/ajax-loader.gif\" border=0 \/><\/p>\n<div class=\"pvc_clear\"><\/div>\n","protected":false},"author":7,"featured_media":1444,"parent":0,"menu_order":0,"comment_status":"open","ping_status":"closed","template":"","meta":{"spay_email":""},"_links":{"self":[{"href":"https:\/\/andy66.fi\/index.php?rest_route=\/wp\/v2\/pages\/2012"}],"collection":[{"href":"https:\/\/andy66.fi\/index.php?rest_route=\/wp\/v2\/pages"}],"about":[{"href":"https:\/\/andy66.fi\/index.php?rest_route=\/wp\/v2\/types\/page"}],"author":[{"embeddable":true,"href":"https:\/\/andy66.fi\/index.php?rest_route=\/wp\/v2\/users\/7"}],"replies":[{"embeddable":true,"href":"https:\/\/andy66.fi\/index.php?rest_route=%2Fwp%2Fv2%2Fcomments&post=2012"}],"version-history":[{"count":15,"href":"https:\/\/andy66.fi\/index.php?rest_route=\/wp\/v2\/pages\/2012\/revisions"}],"predecessor-version":[{"id":2245,"href":"https:\/\/andy66.fi\/index.php?rest_route=\/wp\/v2\/pages\/2012\/revisions\/2245"}],"wp:featuredmedia":[{"embeddable":true,"href":"https:\/\/andy66.fi\/index.php?rest_route=\/wp\/v2\/media\/1444"}],"wp:attachment":[{"href":"https:\/\/andy66.fi\/index.php?rest_route=%2Fwp%2Fv2%2Fmedia&parent=2012"}],"curies":[{"name":"wp","href":"https:\/\/api.w.org\/{rel}","templated":true}]}}