{"id":855,"date":"2019-09-04T17:14:08","date_gmt":"2019-09-04T17:14:08","guid":{"rendered":"http:\/\/andy66.fi\/?page_id=855"},"modified":"2019-09-13T11:43:23","modified_gmt":"2019-09-13T11:43:23","slug":"ragnar-hare","status":"publish","type":"page","link":"https:\/\/andy66.fi\/?page_id=855","title":{"rendered":"RAGNAR HARE"},"content":{"rendered":"<p><img decoding=\"async\" loading=\"lazy\" width=\"666\" height=\"460\" src=\"https:\/\/i0.wp.com\/andy66.fi\/wp-content\/uploads\/2019\/09\/Na\u0308ytto\u0308kuva-2019-9-13-kello-13.37.30.jpg?resize=666%2C460\" alt=\"\" data-recalc-dims=\"1\" \/>\t\t\t\t\t\t\t\t\t\t\t<\/p>\n<h2>RAGNAR HARE (You Tube)<\/h2>\n<p>\t\t\t\t\t\t\t\t\t\t\t<a href=\"https:\/\/www.youtube.com\/watch?v=yY7OhE-PJKk&amp;t=2834s\" data-elementor-open-lightbox=\"\"><br \/>\n\t\t\t\t\t\t\t<img decoding=\"async\" loading=\"lazy\" width=\"1170\" height=\"210\" src=\"https:\/\/i0.wp.com\/andy66.fi\/wp-content\/uploads\/2019\/09\/Na\u0308ytto\u0308kuva-2019-9-13-kello-13.45.26.png?resize=1170%2C210\" alt=\"\" data-recalc-dims=\"1\" \/>\t\t\t\t\t\t\t\t<\/a><br \/>\n\t\t\t\t\t\t\t\t\t\t\t<a href=\"https:\/\/www.youtube.com\/watch?v=5w1v0HOfS1Y\" data-elementor-open-lightbox=\"\"><br \/>\n\t\t\t\t\t\t\t<img decoding=\"async\" loading=\"lazy\" width=\"1170\" height=\"205\" src=\"https:\/\/i1.wp.com\/andy66.fi\/wp-content\/uploads\/2019\/09\/Na\u0308ytto\u0308kuva-2019-9-13-kello-13.45.39.png?resize=1170%2C205\" alt=\"\" data-recalc-dims=\"1\" \/>\t\t\t\t\t\t\t\t<\/a><br \/>\n\t\t\t\t\t\t\t\t\t\t\t<a href=\"https:\/\/www.youtube.com\/watch?v=EXN38b0UGv8\" data-elementor-open-lightbox=\"\"><br \/>\n\t\t\t\t\t\t\t<img decoding=\"async\" loading=\"lazy\" width=\"1170\" height=\"204\" src=\"https:\/\/i2.wp.com\/andy66.fi\/wp-content\/uploads\/2019\/09\/Na\u0308ytto\u0308kuva-2019-9-13-kello-13.54.39.png?resize=1170%2C204\" alt=\"\" data-recalc-dims=\"1\" \/>\t\t\t\t\t\t\t\t<\/a><br \/>\n\t\t\t\t\t\t\t\t\t\t\t<a href=\"https:\/\/www.youtube.com\/watch?v=5KGeWtHQr-s\" data-elementor-open-lightbox=\"\"><br \/>\n\t\t\t\t\t\t\t<img decoding=\"async\" loading=\"lazy\" width=\"1170\" height=\"208\" src=\"https:\/\/i0.wp.com\/andy66.fi\/wp-content\/uploads\/2019\/09\/Na\u0308ytto\u0308kuva-2019-9-13-kello-13.46.54.png?resize=1170%2C208\" alt=\"\" data-recalc-dims=\"1\" \/>\t\t\t\t\t\t\t\t<\/a><br \/>\n\t\t\t\t\t\t\t\t\t\t\t<a href=\"https:\/\/www.youtube.com\/watch?v=rAwcUofY0m8\" data-elementor-open-lightbox=\"\"><br \/>\n\t\t\t\t\t\t\t<img decoding=\"async\" loading=\"lazy\" width=\"1170\" height=\"218\" src=\"https:\/\/i0.wp.com\/andy66.fi\/wp-content\/uploads\/2019\/09\/Na\u0308ytto\u0308kuva-2019-9-13-kello-13.47.46.png?resize=1170%2C218\" alt=\"\" data-recalc-dims=\"1\" \/>\t\t\t\t\t\t\t\t<\/a><\/p>\n<figure><a href=\"https:\/\/areena.yle.fi\/1-50207172\"><img decoding=\"async\" loading=\"lazy\" width=\"768\" height=\"533\" src=\"https:\/\/i0.wp.com\/andy66.fi\/wp-content\/uploads\/2019\/09\/Na\u0308ytto\u0308kuva-2019-9-5-kello-15.56.24.png?resize=768%2C533\" alt=\"\" data-recalc-dims=\"1\" \/><\/a><\/figure>\n<h3><a href=\"https:\/\/areena.yle.fi\/1-50207172\">YLE AREENA 17.6.2011 Ragnar Hare spelar in Sm\u00e5 flickor <\/a><\/h3>\n<p>Ragnar Hare var ett av Svenskfinlands och \u00d6sterbottens h\u00e5rdaste band p\u00e5 1980-talet. Bandet lyckades t.om. vinna Rock-FM 1983. (21.5.1984)<\/p>\n<div class=\"pvc_clear\"><\/div>\n<p id=\"pvc_stats_855\" class=\"pvc_stats  \" data-element-id=\"855\" style=\"\"><i class=\"fa fa-bar-chart pvc-stats-icon medium\" aria-hidden=\"true\"><\/i> <img decoding=\"async\" src=\"https:\/\/i0.wp.com\/andy66.fi\/wp-content\/plugins\/page-views-count\/ajax-loader.gif?w=1170&#038;ssl=1\" border=0 data-recalc-dims=\"1\" \/><\/p>\n<div class=\"pvc_clear\"><\/div>\n<div class='epvc-post-count'><span class='epvc-eye'><\/span>  <span class=\"epvc-count\"> 843<\/span><span class='epvc-label'> Views<\/span><\/div>","protected":false},"excerpt":{"rendered":"<p>RAGNAR HARE (You Tube) YLE AREENA 17.6.2011 Ragnar Hare spelar in Sm\u00e5 flickor Ragnar Hare var ett av Svenskfinlands och \u00d6sterbottens h\u00e5rdaste band p\u00e5 1980-talet. Bandet lyckades t.om. vinna Rock-FM 1983. (21.5.1984) 843 Views<\/p>\n<div class=\"pvc_clear\"><\/div>\n<p id=\"pvc_stats_855\" class=\"pvc_stats  \" data-element-id=\"855\" style=\"\"><i class=\"fa fa-bar-chart pvc-stats-icon medium\" aria-hidden=\"true\"><\/i> <img decoding=\"async\" src=\"https:\/\/andy66.fi\/wp-content\/plugins\/page-views-count\/ajax-loader.gif\" border=0 \/><\/p>\n<div class=\"pvc_clear\"><\/div>\n","protected":false},"author":7,"featured_media":0,"parent":0,"menu_order":0,"comment_status":"closed","ping_status":"closed","template":"template-parts\/template-homepage.php","meta":{"spay_email":""},"_links":{"self":[{"href":"https:\/\/andy66.fi\/index.php?rest_route=\/wp\/v2\/pages\/855"}],"collection":[{"href":"https:\/\/andy66.fi\/index.php?rest_route=\/wp\/v2\/pages"}],"about":[{"href":"https:\/\/andy66.fi\/index.php?rest_route=\/wp\/v2\/types\/page"}],"author":[{"embeddable":true,"href":"https:\/\/andy66.fi\/index.php?rest_route=\/wp\/v2\/users\/7"}],"replies":[{"embeddable":true,"href":"https:\/\/andy66.fi\/index.php?rest_route=%2Fwp%2Fv2%2Fcomments&post=855"}],"version-history":[{"count":29,"href":"https:\/\/andy66.fi\/index.php?rest_route=\/wp\/v2\/pages\/855\/revisions"}],"predecessor-version":[{"id":1295,"href":"https:\/\/andy66.fi\/index.php?rest_route=\/wp\/v2\/pages\/855\/revisions\/1295"}],"wp:attachment":[{"href":"https:\/\/andy66.fi\/index.php?rest_route=%2Fwp%2Fv2%2Fmedia&parent=855"}],"curies":[{"name":"wp","href":"https:\/\/api.w.org\/{rel}","templated":true}]}}